{"id":3459,"date":"2023-10-27T17:53:47","date_gmt":"2023-10-27T17:53:47","guid":{"rendered":"https:\/\/christianelatchieu.com\/?page_id=3459"},"modified":"2024-02-12T23:12:13","modified_gmt":"2024-02-12T23:12:13","slug":"conditions-dutilisation","status":"publish","type":"page","link":"https:\/\/christianelatchieu.com\/fr\/conditions-dutilisation\/","title":{"rendered":"Conditions d\u2019utilisation"},"content":{"rendered":"<section id=\"bt_bb_section6a04a2718430b\" class=\"bt_bb_section bt_bb_layout_boxed_1200 bt_bb_vertical_align_top bt_bb_top_spacing_extra_large bt_bb_bottom_spacing_large bt_bb_highlighted_no\"  data-bt-override-class=\"null\"><div class=\"bt_bb_port\"><div class=\"bt_bb_cell\"><div class=\"bt_bb_cell_inner\"><div class=\"bt_bb_row_wrapper\"><div  class=\"bt_bb_row\"  data-bt-override-class=\"{}\"><div  class=\"bt_bb_column col-xxl-12 col-xl-12 col-xs-12 col-sm-12 col-md-12 col-lg-12 bt_bb_vertical_align_top bt_bb_align_left bt_bb_padding_normal bt_bb_animation_fade_in bt_bb_animation_zoom_out animate bt_bb_highlighted_no\"  data-width=\"12\" data-bt-override-class=\"{}\"><div class=\"bt_bb_column_content\"><div class=\"bt_bb_column_content_inner\"><header data-bb-version=\"4.8.0\" class=\"bt_bb_headline bt_bb_dash_none bt_bb_subheadline bt_bb_size_large bt_bb_align_center\" data-bt-override-class=\"{&quot;bt_bb_size_&quot;:{&quot;current_class&quot;:&quot;bt_bb_size_large&quot;,&quot;xxl&quot;:&quot;large&quot;},&quot;bt_bb_align_&quot;:{&quot;current_class&quot;:&quot;bt_bb_align_center&quot;,&quot;xxl&quot;:&quot;center&quot;}}\"><h1><span class=\"bt_bb_headline_content\"><span><strong>Conditions d\u2019utilisation<\/strong><\/span><\/span><\/h1><div class=\"bt_bb_headline_subheadline\">Derni\u00e8re mise \u00e0 jour : 30 octobre 2023<\/div><\/header><div data-bb-version=\"4.7.6\" class=\"bt_bb_separator bt_bb_border_style_none bt_bb_top_spacing_medium bt_bb_bottom_spacing_medium\" data-bt-override-class=\"{&quot;bt_bb_top_spacing_&quot;:{&quot;current_class&quot;:&quot;bt_bb_top_spacing_medium&quot;,&quot;xxl&quot;:&quot;medium&quot;},&quot;bt_bb_bottom_spacing_&quot;:{&quot;current_class&quot;:&quot;bt_bb_bottom_spacing_medium&quot;,&quot;xxl&quot;:&quot;medium&quot;,&quot;sm&quot;:&quot;normal&quot;,&quot;xs&quot;:&quot;normal&quot;}}\"><\/div><div data-bb-version=\"4.7.5\"  class=\"bt_bb_text\" ><p>Bienvenue chez Christiane Latchieu Coaching. Ces Termes et Conditions r\u00e9gissent votre utilisation de https:\/\/christianelatchieu.com et des services de coaching fournis par Christiane Latchieu Coaching.<\/p>\n<p><strong>1. Acceptation des conditions<\/strong><\/p>\n<p>En acc\u00e9dant \u00e0 notre site web et en utilisant nos services, vous acceptez d&#8217;\u00eatre li\u00e9 par ces conditions d\u2019utilisation. Si vous n&#8217;\u00eates pas d&#8217;accord avec une partie de ces conditions, vous ne devez pas utiliser notre site web, ni nos services.<\/p>\n<p><strong>2. Services<\/strong><\/p>\n<p>Nous fournissons des services de coaching transformationnel tels que d\u00e9crits sur notre site web. En utilisant nos services, vous acceptez de vous conformer \u00e0 toutes les lois et r\u00e9glementations applicables et de fournir des informations pr\u00e9cises sur demande.<\/p>\n<p><strong>3. Paiement<\/strong><\/p>\n<p>Les modalit\u00e9s de paiement, y compris les frais de nos services, le calendrier des paiements et la politique de remboursement, seront sp\u00e9cifi\u00e9s sur notre site web ou convenus par \u00e9crit.<\/p>\n<p><strong>4. Propri\u00e9t\u00e9 intellectuelle<\/strong><\/p>\n<p>Tous les contenus de notre site web et tout mat\u00e9riel fourni dans le cadre de nos services sont la propri\u00e9t\u00e9 intellectuelle de Christiane Latchieu Coaching ou d&#8217;autres propri\u00e9taires respectifs. Aucun mat\u00e9riel ne peut \u00eatre copi\u00e9, reproduit ou distribu\u00e9 sans notre permission \u00e9crite.<\/p>\n<p><strong>5. Avertissements<\/strong><\/p>\n<p>Nos services sont fournis &#8220;tels quels&#8221;, sans garantie d&#8217;aucune sorte, expresse ou implicite.<\/p>\n<p><strong>6. Limitation de responsabilit\u00e9<\/strong><\/p>\n<p>Dans toute la mesure permise par la loi, Christiane Latchieu Coaching ne saurait \u00eatre tenue responsable de tout dommage d\u00e9coulant de votre utilisation de nos services ou de notre site web.<\/p>\n<p><strong>7. Responsabilit\u00e9 et indemnisation<\/strong><\/p>\n<p>Vous utilisez notre site \u00e0 vos propres risques. Christiane Latchieu Coaching ne peut offrir aucune garantie quant \u00e0 son site internet. De nombreux facteurs ind\u00e9pendants de notre volont\u00e9 peuvent avoir une incidence sur le fonctionnement du site.<br \/>\nVous acceptez d&#8217;indemniser et de d\u00e9gager de toute responsabilit\u00e9 Christiane Latchieu Coaching contre toute r\u00e9clamation, dommage ou d\u00e9pense d\u00e9coulant de votre utilisation de notre site web ou de nos services.<\/p>\n<p><strong>8. Loi applicable<\/strong><\/p>\n<p>Ces conditions d\u2019utilisation sont r\u00e9gies par les lois du Canada.<\/p>\n<p><strong>9. Modification des pr\u00e9sentes conditions<\/strong><\/p>\n<p>Nous nous r\u00e9servons le droit de mettre \u00e0 jour ou de modifier ces conditions \u00e0 tout moment. Les changements seront publi\u00e9s sur cette page avec une date d&#8217;entr\u00e9e en vigueur mise \u00e0 jour.<\/p>\n<p><strong>10. Contactez-nous<\/strong><\/p>\n<p>Si vous avez des questions ou des pr\u00e9occupations concernant nos conditions d\u2019utilisation, veuillez nous contacter \u00e0 <a href=\"mailto:info@christianelatchieu.com\">info@christianelatchieu.com<\/a><\/p>\n<p>Pr\u00e9sidente et fondatrice : Christiane Latchieu<br \/>\nRuby Edge Consulting Inc.<br \/>\nAdresse disponible sur demande<\/p>\n<\/div><\/div><\/div><\/div><\/div><\/div><\/div><!-- cell_inner --><\/div><!-- cell --><\/div><!-- port --><\/section>","protected":false},"excerpt":{"rendered":"","protected":false},"author":1,"featured_media":0,"parent":0,"menu_order":0,"comment_status":"closed","ping_status":"closed","template":"","meta":{"footnotes":""},"_links":{"self":[{"href":"https:\/\/christianelatchieu.com\/fr\/wp-json\/wp\/v2\/pages\/3459"}],"collection":[{"href":"https:\/\/christianelatchieu.com\/fr\/wp-json\/wp\/v2\/pages"}],"about":[{"href":"https:\/\/christianelatchieu.com\/fr\/wp-json\/wp\/v2\/types\/page"}],"author":[{"embeddable":true,"href":"https:\/\/christianelatchieu.com\/fr\/wp-json\/wp\/v2\/users\/1"}],"replies":[{"embeddable":true,"href":"https:\/\/christianelatchieu.com\/fr\/wp-json\/wp\/v2\/comments?post=3459"}],"version-history":[{"count":18,"href":"https:\/\/christianelatchieu.com\/fr\/wp-json\/wp\/v2\/pages\/3459\/revisions"}],"predecessor-version":[{"id":3530,"href":"https:\/\/christianelatchieu.com\/fr\/wp-json\/wp\/v2\/pages\/3459\/revisions\/3530"}],"wp:attachment":[{"href":"https:\/\/christianelatchieu.com\/fr\/wp-json\/wp\/v2\/media?parent=3459"}],"curies":[{"name":"wp","href":"https:\/\/api.w.org\/{rel}","templated":true}]}}